{"id":219,"date":"2020-08-25T09:58:26","date_gmt":"2020-08-25T07:58:26","guid":{"rendered":"http:\/\/zzit.org.pl\/okregi\/lodzki\/?page_id=219"},"modified":"2022-12-22T09:44:41","modified_gmt":"2022-12-22T08:44:41","slug":"kroniki_zwiazkowe","status":"publish","type":"page","link":"https:\/\/zzit.org.pl\/okregi\/lodzki\/kroniki_zwiazkowe\/","title":{"rendered":"Kroniki_Zwi\u0105zkowe \/ Tydzie\u0144 z OPZZ"},"content":{"rendered":"<p><span style=\"color: #0000ff\"><strong>22 GRUDZIE\u0143<\/strong><\/span><span style=\"color: #0000ff\"><strong>\u00a02022<\/strong><\/span><\/p>\r\n<p><strong>Szanowni Pa\u0144stwo,<\/strong><br \/><strong>Zapraszamy do zapoznania si\u0119 z wydaniem \u201eTydzie\u0144 z OPZZ\u201d.<\/strong><\/p>\r\n<p><a href=\"https:\/\/zzit.org.pl\/okregi\/lodzki\/wp-content\/uploads\/sites\/3\/2022\/12\/newsletter-22-12-2022.pdf\">newsletter-22-12-2022<\/a><\/p>\r\n<p><span style=\"color: #0000ff\"><strong>13 GRUDZIE\u0143<\/strong><\/span><span style=\"color: #0000ff\"><strong>\u00a02022<\/strong><\/span><\/p>\r\n<p><strong>Szanowni Pa\u0144stwo,<\/strong><br \/><strong>Zapraszamy do zapoznania si\u0119 z wydaniem \u201eTydzie\u0144 z OPZZ\u201d.<\/strong><\/p>\r\n<p><a href=\"https:\/\/zzit.org.pl\/okregi\/lodzki\/wp-content\/uploads\/sites\/3\/2022\/12\/newsletter-09-12-2022.pdf\">newsletter-09-12-2022<\/a><\/p>\r\n<p><span style=\"color: #0000ff\"><strong>28 LISTOPAD<\/strong><\/span><span style=\"color: #0000ff\"><strong>\u00a02022<\/strong><\/span><\/p>\r\n<p><strong>Szanowni Pa\u0144stwo,<\/strong><br \/><strong>Zapraszamy do zapoznania si\u0119 z wydaniem \u201eTydzie\u0144 z OPZZ\u201d.<\/strong><\/p>\r\n<p><a href=\"https:\/\/zzit.org.pl\/okregi\/lodzki\/wp-content\/uploads\/sites\/3\/2022\/11\/newsletter-25-11-2022-2.pdf\">newsletter-25-11-2022-2<\/a><\/p>\r\n<p><span style=\"color: #0000ff\"><strong>21 LISTOPAD<\/strong><\/span><span style=\"color: #0000ff\"><strong>\u00a02022<\/strong><\/span><\/p>\r\n<p><strong>Szanowni Pa\u0144stwo,<\/strong><br \/><strong>Zapraszamy do zapoznania si\u0119 z wydaniem \u201eTydzie\u0144 z OPZZ\u201d.<\/strong><\/p>\r\n<p><img loading=\"lazy\" decoding=\"async\" class=\"size-full wp-image-1070 aligncenter\" src=\"https:\/\/zzit.org.pl\/okregi\/lodzki\/wp-content\/uploads\/sites\/3\/2022\/11\/123.jpg\" alt=\"\" width=\"373\" height=\"387\" srcset=\"https:\/\/zzit.org.pl\/okregi\/lodzki\/wp-content\/uploads\/sites\/3\/2022\/11\/123.jpg 373w, https:\/\/zzit.org.pl\/okregi\/lodzki\/wp-content\/uploads\/sites\/3\/2022\/11\/123-289x300.jpg 289w\" sizes=\"auto, (max-width: 373px) 100vw, 373px\" \/><\/p>\r\n<p><a href=\"https:\/\/zzit.org.pl\/okregi\/lodzki\/wp-content\/uploads\/sites\/3\/2022\/11\/newsletter-18-11-2022.pdf\">newsletter-18-11-2022<\/a><\/p>\r\n<p><span style=\"color: #0000ff\"><strong>14 LISTOPAD<\/strong><\/span><span style=\"color: #0000ff\"><strong>\u00a02022<\/strong><\/span><\/p>\r\n<p><strong>Szanowni Pa\u0144stwo,<\/strong><br \/><strong>Zapraszamy do zapoznania si\u0119 z wydaniem \u201eTydzie\u0144 z OPZZ\u201d.<\/strong><\/p>\r\n<p><a href=\"https:\/\/zzit.org.pl\/okregi\/lodzki\/wp-content\/uploads\/sites\/3\/2022\/11\/newsletter-14-11-2022.pdf\">newsletter-14-11-2022<\/a><\/p>\r\n<p><span style=\"color: #0000ff\"><strong>02 LISTOPAD<\/strong><\/span><span style=\"color: #0000ff\"><strong>\u00a02022<\/strong><\/span><\/p>\r\n<p><strong>Szanowni Pa\u0144stwo,<\/strong><br \/><strong>Zapraszamy do zapoznania si\u0119 z wydaniem \u201eTydzie\u0144 z OPZZ\u201d.<\/strong><\/p>\r\n<p><a href=\"https:\/\/zzit.org.pl\/okregi\/lodzki\/wp-content\/uploads\/sites\/3\/2022\/11\/newsletter-28-10-2022.pdf\">newsletter-28-10-2022<\/a><\/p>\r\n<p><span style=\"color: #0000ff\"><strong>13 <\/strong><\/span><span style=\"color: #0000ff\"><strong>CZERWIEC 2022<\/strong><\/span><\/p>\r\n<p><strong>Szanowni Pa\u0144stwo,<\/strong><br \/><strong>Zapraszamy do zapoznania si\u0119 z wydaniem \u201eTydzie\u0144 z OPZZ\u201d.<\/strong><\/p>\r\n<p><a href=\"https:\/\/zzit.org.pl\/okregi\/lodzki\/wp-content\/uploads\/sites\/3\/2022\/06\/newsletter-10-06-2022.pdf\">newsletter-10-06-2022<\/a><\/p>\r\n<p><span style=\"color: #0000ff\"><strong>07 CZERWIEC 2022<\/strong><\/span><\/p>\r\n<p><strong>Szanowni Pa\u0144stwo,<\/strong><br \/><strong>Zapraszamy do zapoznania si\u0119 z wydaniem \u201eTydzie\u0144 z OPZZ\u201d.<\/strong><\/p>\r\n<p><img loading=\"lazy\" decoding=\"async\" class=\"size-full wp-image-985 aligncenter\" src=\"https:\/\/zzit.org.pl\/okregi\/lodzki\/wp-content\/uploads\/sites\/3\/2022\/06\/23.jpg\" alt=\"\" width=\"414\" height=\"414\" srcset=\"https:\/\/zzit.org.pl\/okregi\/lodzki\/wp-content\/uploads\/sites\/3\/2022\/06\/23.jpg 414w, https:\/\/zzit.org.pl\/okregi\/lodzki\/wp-content\/uploads\/sites\/3\/2022\/06\/23-300x300.jpg 300w, https:\/\/zzit.org.pl\/okregi\/lodzki\/wp-content\/uploads\/sites\/3\/2022\/06\/23-150x150.jpg 150w\" sizes=\"auto, (max-width: 414px) 100vw, 414px\" \/><\/p>\r\n<p><a href=\"https:\/\/zzit.org.pl\/okregi\/lodzki\/wp-content\/uploads\/sites\/3\/2022\/06\/newsletter-03-06-2022.pdf\">newsletter-03-06-2022<\/a><\/p>\r\n<p><em><span style=\"color: #0000ff\"><strong>14 STYCZE\u0143 2022<\/strong><\/span><\/em><\/p>\r\n<p><em><strong>Szanowni Pa\u0144stwo,<\/strong><\/em><b><br \/><strong>Zapraszamy do zapoznania si\u0119 z wydaniem \u201eTydzie\u0144 z OPZZ\u201d.<\/strong><\/b><\/p>\r\n<p><a href=\"https:\/\/zzit.org.pl\/okregi\/lodzki\/wp-content\/uploads\/sites\/3\/2022\/01\/Tydzien-z-OPZZ-14-01-2022.pdf\">Tydzien z OPZZ-14-01-2022<\/a><\/p>\r\n<p><em><span style=\"color: #0000ff\"><strong>10 GRUDZIE\u0143 2021<\/strong><\/span><\/em><\/p>\r\n<p><em><strong>Szanowni Pa\u0144stwo,<\/strong><\/em><b><br \/><strong>Zapraszamy do zapoznania si\u0119 z wydaniem \u201eTydzie\u0144 z OPZZ\u201d.<\/strong><\/b><\/p>\r\n<p><a href=\"https:\/\/zzit.org.pl\/okregi\/lodzki\/wp-content\/uploads\/sites\/3\/2021\/12\/Tydzien-z-OPZZ-10-12-2021.pdf\">Tydzien z OPZZ-10-12-2021<\/a><\/p>\r\n<p><em><span style=\"color: #0000ff\"><strong>03 GRUDZIE\u0143 2021<\/strong><\/span><\/em><\/p>\r\n<p><em><strong>Szanowni Pa\u0144stwo,<\/strong><\/em><b><br \/><strong>Zapraszamy do zapoznania si\u0119 z wydaniem \u201eTydzie\u0144 z OPZZ\u201d.<\/strong><\/b><\/p>\r\n<p><a href=\"https:\/\/zzit.org.pl\/okregi\/lodzki\/wp-content\/uploads\/sites\/3\/2021\/12\/Tydzien-z-OPZZ-03-12-2021.pdf\">Tydzien z OPZZ-03-12-2021<\/a><\/p>\r\n<p><em><span style=\"color: #0000ff\"><strong>26 LISTOPAD 2021<\/strong><\/span><\/em><\/p>\r\n<p><em><strong>Szanowni Pa\u0144stwo,<\/strong><\/em><b><br \/><strong>Zapraszamy do zapoznania si\u0119 z wydaniem \u201eTydzie\u0144 z OPZZ\u201d.<\/strong><\/b><\/p>\r\n<p><a href=\"https:\/\/zzit.org.pl\/okregi\/lodzki\/wp-content\/uploads\/sites\/3\/2021\/11\/Tydzien-z-OPZZ-26.11.2021.pdf\">Tydzien z OPZZ-26.11.2021<\/a><\/p>\r\n<p><em><span style=\"color: #0000ff\"><strong>11 PA\u0179DZIERNIK 2021<\/strong><\/span><\/em><\/p>\r\n<p><strong>Szanowni Pa\u0144stwo<\/strong><\/p>\r\n<p>W za\u0142\u0105czeniu przekazujemy Pa\u0144stwu stanowisko Og\u00f3lnopolskiego Porozumienia Zwi\u0105zk\u00f3w Zawodowych w sprawie orzeczenia Trybuna\u0142u Konstytucyjnego dotycz\u0105cego niezgodno\u015bci przepis\u00f3w Traktatu o UE z Konstytucj\u0105 Rzeczpospolitej Polskiej.<\/p>\r\n<p><a href=\"https:\/\/zzit.org.pl\/okregi\/lodzki\/wp-content\/uploads\/sites\/3\/2021\/10\/Stanowisko-OPZZ.pdf\">Stanowisko OPZZ<\/a><\/p>\r\n<p><a href=\"https:\/\/zzit.org.pl\/okregi\/lodzki\/wp-content\/uploads\/sites\/3\/2021\/10\/Stanowisko-w-sprawie-orzeczenia-TK.pdf\">Stanowisko w sprawie orzeczenia TK<\/a><\/p>\r\n<p><em><span style=\"color: #0000ff\"><strong>16 KWIECIE\u0143 2021<\/strong><\/span><\/em><\/p>\r\n<p><em><strong>Szanowni Pa\u0144stwo,<\/strong><\/em><b><br \/><strong>Zapraszamy do zapoznania si\u0119 z wydaniem \u201eTydzie\u0144 z OPZZ\u201d.<\/strong><\/b><\/p>\r\n<p><a href=\"https:\/\/zzit.org.pl\/okregi\/lodzki\/wp-content\/uploads\/sites\/3\/2021\/04\/tydzien-z-OPZZ-16-04-2021.pdf\">tydzien z OPZZ 16-04-2021<\/a><\/p>\r\n<p><em><span style=\"color: #0000ff\"><strong>09 KWIECIE\u0143 2021<\/strong><\/span><\/em><\/p>\r\n<p><em><strong>Szanowni Pa\u0144stwo,<\/strong><\/em><b><br \/><strong>Zapraszamy do zapoznania si\u0119 z wydaniem \u201eTydzie\u0144 z OPZZ\u201d.<\/strong><\/b><\/p>\r\n<p><a href=\"https:\/\/zzit.org.pl\/okregi\/lodzki\/wp-content\/uploads\/sites\/3\/2021\/04\/Tydzien-z-OPZZ-09-04-2021.pdf\">Tydzien z OPZZ -09-04-2021<\/a><\/p>\r\n<p><em><span style=\"color: #0000ff\"><strong>31 MARZEC 2021<\/strong><\/span><\/em><\/p>\r\n<p><em><strong>Szanowni Pa\u0144stwo,<\/strong><\/em><b><br \/><strong>Zapraszamy do zapoznania si\u0119 z najnowszym wydaniem \u201eKroniki Zwi\u0105zkowej\u201d.<\/strong><\/b><\/p>\r\n<p><a href=\"https:\/\/zzit.org.pl\/okregi\/lodzki\/wp-content\/uploads\/sites\/3\/2021\/04\/kronika-zwiazkowa-31-03-2021.pdf\">kronika zwiazkowa 31-03-2021<\/a><\/p>\r\n<p><em><span style=\"color: #0000ff\"><strong>22 MARZEC 2021<\/strong><\/span><\/em><\/p>\r\n<p><em><strong>Szanowni Pa\u0144stwo,<\/strong><\/em><b><br \/><strong>Zapraszamy do zapoznania si\u0119 z wydaniem \u201eTydzie\u0144 z OPZZ\u201d.<\/strong><\/b><\/p>\r\n<p><a href=\"https:\/\/zzit.org.pl\/okregi\/lodzki\/wp-content\/uploads\/sites\/3\/2021\/03\/Tydzien-z-OPZZ-22-03-2021.pdf\">Tydzie\u0144 z OPZZ 22-03-2021<\/a><\/p>\r\n<p><em><span style=\"color: #0000ff\"><strong>15 MARZEC 2021<\/strong><\/span><\/em><\/p>\r\n<p><em><strong>Szanowni Pa\u0144stwo,<\/strong><\/em><b><br \/><strong>Zapraszamy do zapoznania si\u0119 z wydaniem \u201eTydzie\u0144 z OPZZ\u201d.<\/strong><\/b><\/p>\r\n<p><a href=\"https:\/\/zzit.org.pl\/okregi\/lodzki\/wp-content\/uploads\/sites\/3\/2021\/03\/Tydzien-z-OPZZ.pdf\">Tydzie\u0144 z OPZZ<\/a><\/p>\r\n<p><em><span style=\"color: #0000ff\"><strong>05 LUTY 2021<\/strong><\/span><\/em><\/p>\r\n<p><em><strong>Szanowni Pa\u0144stwo,<\/strong><\/em><b><br \/><strong>Zapraszamy do zapoznania si\u0119 z najnowszym wydaniem \u201eKroniki Zwi\u0105zkowej\u201d.<\/strong><\/b><\/p>\r\n<p><a href=\"https:\/\/zzit.org.pl\/okregi\/lodzki\/wp-content\/uploads\/sites\/3\/2021\/03\/kronika-04-03-2021.pdf\">kronika-04-03-2021<\/a><\/p>\r\n<p><em><span style=\"color: #0000ff\"><strong>19 STYCZE\u0143 2020<\/strong><\/span><\/em><\/p>\r\n<p><em><strong>Szanowni Pa\u0144stwo,<\/strong><\/em><b><br \/><strong>Zapraszamy do zapoznania si\u0119 z wydaniem \u201eTydzie\u0144 z OPZZ\u201d.<\/strong><\/b><\/p>\r\n<p><a href=\"https:\/\/zzit.org.pl\/okregi\/lodzki\/wp-content\/uploads\/sites\/3\/2021\/01\/newsletter-15-01-2021.pdf\">newsletter-15-01-2021<\/a><\/p>\r\n<p><em><span style=\"color: #0000ff\"><strong>23 GRUDZIE\u0143 2020<\/strong><\/span><\/em><\/p>\r\n<p><em><strong>Szanowni Pa\u0144stwo,<\/strong><\/em><b><br \/><strong>Zapraszamy do zapoznania si\u0119 z najnowszym wydaniem \u201eKroniki Zwi\u0105zkowej\u201d.<\/strong><\/b><\/p>\r\n\r\n<div class=\"wp-block-file\"><a href=\"https:\/\/zzit.org.pl\/okregi\/lodzki\/wp-content\/uploads\/sites\/3\/2021\/01\/kronika-18-12-2020.pdf\">kronika-18-12-2020<\/a><a class=\"wp-block-file__button\" href=\"https:\/\/zzit.org.pl\/okregi\/lodzki\/wp-content\/uploads\/sites\/3\/2021\/01\/kronika-18-12-2020.pdf\">Pobierz<\/a><\/div>\r\n\r\n<p><em><span style=\"color: #0000ff\"><strong>21 GRUDZIE\u0143 2020<\/strong><\/span><\/em><\/p>\r\n<p><em><strong>Szanowni Pa\u0144stwo,<\/strong><\/em><b><br \/><strong>Zapraszamy do zapoznania si\u0119 z wydaniem \u201eTydzie\u0144 z OPZZ\u201d.<\/strong><\/b><\/p>\r\n\r\n\r\n\r\n<div class=\"wp-block-file\"><a href=\"https:\/\/zzit.org.pl\/okregi\/lodzki\/wp-content\/uploads\/sites\/3\/2020\/12\/Tydzien-z-OPZZ-18-12-2020.pdf\">Tydzien-z-OPZZ-18-12-2020<\/a><a class=\"wp-block-file__button\" href=\"https:\/\/zzit.org.pl\/okregi\/lodzki\/wp-content\/uploads\/sites\/3\/2020\/12\/Tydzien-z-OPZZ-18-12-2020.pdf\">Pobierz<\/a><\/div>\r\n\r\n<p><em><span style=\"color: #0000ff\"><strong>02 GRUDZIE\u0143 2020<\/strong><\/span><\/em><\/p>\r\n<p><em><strong>Szanowni Pa\u0144stwo,<\/strong><\/em><b><br \/><strong>Zapraszamy do zapoznania si\u0119 z najnowszym wydaniem \u201eKroniki Zwi\u0105zkowej\u201d.<\/strong><\/b><\/p>\r\n\r\n<div class=\"wp-block-file\"><a href=\"https:\/\/zzit.org.pl\/okregi\/lodzki\/wp-content\/uploads\/sites\/3\/2020\/12\/kronika-02-12-2020.pdf\">kronika-02-12-2020<\/a><a class=\"wp-block-file__button\" href=\"https:\/\/zzit.org.pl\/okregi\/lodzki\/wp-content\/uploads\/sites\/3\/2020\/12\/kronika-02-12-2020.pdf\">Pobierz<\/a><\/div>\r\n\r\n<p><em><span style=\"color: #0000ff\"><strong>20 LISTOPAD 2020<\/strong><\/span><\/em><\/p>\r\n<p><em><strong>Szanowni Pa\u0144stwo,<\/strong><\/em><b><br \/><strong>Zapraszamy do zapoznania si\u0119 z wydaniem \u201eTydzie\u0144 z OPZZ\u201d.<\/strong><\/b><\/p>\r\n\r\n<div class=\"wp-block-file\"><a href=\"https:\/\/zzit.org.pl\/okregi\/lodzki\/wp-content\/uploads\/sites\/3\/2020\/11\/Tydzien-z-OPZZ-20-11-2020.pdf\">Tydzien-z-OPZZ-20-11-2020<\/a><a class=\"wp-block-file__button\" href=\"https:\/\/zzit.org.pl\/okregi\/lodzki\/wp-content\/uploads\/sites\/3\/2020\/11\/Tydzien-z-OPZZ-20-11-2020.pdf\">Pobierz<\/a><\/div>\r\n\r\n<p><em><span style=\"color: #0000ff\"><strong>16 LISTOPAD 2020<\/strong><\/span><\/em><\/p>\r\n<p><em><strong>Szanowni Pa\u0144stwo,<\/strong><\/em><b><br \/><strong>Zapraszamy do zapoznania si\u0119 z najnowszym wydaniem \u201eKroniki Zwi\u0105zkowej\u201d.<\/strong><\/b><\/p>\r\n\r\n<div class=\"wp-block-file\"><a href=\"https:\/\/zzit.org.pl\/okregi\/lodzki\/wp-content\/uploads\/sites\/3\/2020\/11\/kronika-16-11-2020.pdf\">kronika-16-11-2020<\/a><a class=\"wp-block-file__button\" href=\"https:\/\/zzit.org.pl\/okregi\/lodzki\/wp-content\/uploads\/sites\/3\/2020\/11\/kronika-16-11-2020.pdf\">Pobierz<\/a><\/div>\r\n\r\n<p><em><span style=\"color: #0000ff\"><strong>03 LISTOPAD 2020<\/strong><\/span><\/em><\/p>\r\n<p><em><strong>Szanowni Pa\u0144stwo,<\/strong><\/em><b><br \/><strong>Zapraszamy do zapoznania si\u0119 z najnowszym wydaniem \u201eKroniki Zwi\u0105zkowej\u201d.<\/strong><\/b><\/p>\r\n\r\n<div class=\"wp-block-file\"><a href=\"https:\/\/zzit.org.pl\/okregi\/lodzki\/wp-content\/uploads\/sites\/3\/2020\/11\/kronika-03-11-2020.pdf\">kronika-03-11-2020<\/a><a class=\"wp-block-file__button\" href=\"https:\/\/zzit.org.pl\/okregi\/lodzki\/wp-content\/uploads\/sites\/3\/2020\/11\/kronika-03-11-2020.pdf\">Pobierz<\/a><\/div>\r\n\r\n<p><em><span style=\"color: #0000ff\"><strong>31 PA\u0179DZIERNIK 2020<\/strong><\/span><\/em><\/p>\r\n<p><em><strong>Szanowni Pa\u0144stwo,<\/strong><\/em><b><br \/><strong>Zapraszamy do zapoznania si\u0119 z wydaniem \u201eTydzie\u0144 z OPZZ\u201d.<\/strong><\/b><\/p>\r\n\r\n<div class=\"wp-block-image\">\r\n<figure class=\"aligncenter size-large\"><img loading=\"lazy\" decoding=\"async\" width=\"652\" height=\"128\" class=\"wp-image-446\" src=\"https:\/\/zzit.org.pl\/okregi\/lodzki\/wp-content\/uploads\/sites\/3\/2020\/11\/3.png\" alt=\"\" srcset=\"https:\/\/zzit.org.pl\/okregi\/lodzki\/wp-content\/uploads\/sites\/3\/2020\/11\/3.png 652w, https:\/\/zzit.org.pl\/okregi\/lodzki\/wp-content\/uploads\/sites\/3\/2020\/11\/3-300x59.png 300w, https:\/\/zzit.org.pl\/okregi\/lodzki\/wp-content\/uploads\/sites\/3\/2020\/11\/3-500x98.png 500w\" sizes=\"auto, (max-width: 652px) 100vw, 652px\" \/><\/figure>\r\n<\/div>\r\n\r\n\r\n\r\n<div class=\"wp-block-file\"><a href=\"https:\/\/zzit.org.pl\/okregi\/lodzki\/wp-content\/uploads\/sites\/3\/2020\/11\/Tydzien-z-OPZZ.pdf\">Tydzie\u0144 z OPZZ &#8211; 31.10.2020<\/a><a class=\"wp-block-file__button\" href=\"https:\/\/zzit.org.pl\/okregi\/lodzki\/wp-content\/uploads\/sites\/3\/2020\/11\/Tydzien-z-OPZZ.pdf\">Pobierz<\/a><\/div>\r\n\r\n<p><em><span style=\"color: #0000ff\"><strong>23 PA\u0179DZIERNIK 2020<\/strong><\/span><\/em><\/p>\r\n<p><em><strong>Szanowni Pa\u0144stwo,<\/strong><\/em><b><br \/><strong>Zapraszamy do zapoznania si\u0119 z wydaniem \u201eTydzie\u0144 z OPZZ\u201d.<\/strong><br \/><\/b><\/p>\r\n\r\n<figure class=\"wp-block-gallery aligncenter columns-1 is-cropped wp-block-gallery-1 is-layout-flex wp-block-gallery-is-layout-flex\">\r\n<ul class=\"blocks-gallery-grid\">\r\n<li class=\"blocks-gallery-item\">\r\n<figure><img loading=\"lazy\" decoding=\"async\" width=\"693\" height=\"958\" class=\"wp-image-424\" src=\"https:\/\/zzit.org.pl\/okregi\/lodzki\/wp-content\/uploads\/sites\/3\/2020\/10\/1.png\" alt=\"\" data-id=\"424\" data-full-url=\"https:\/\/zzit.org.pl\/okregi\/lodzki\/wp-content\/uploads\/sites\/3\/2020\/10\/1.png\" data-link=\"https:\/\/zzit.org.pl\/okregi\/lodzki\/kroniki_zwiazkowe\/1-8\/\" srcset=\"https:\/\/zzit.org.pl\/okregi\/lodzki\/wp-content\/uploads\/sites\/3\/2020\/10\/1.png 693w, https:\/\/zzit.org.pl\/okregi\/lodzki\/wp-content\/uploads\/sites\/3\/2020\/10\/1-217x300.png 217w\" sizes=\"auto, (max-width: 693px) 100vw, 693px\" \/><\/figure>\r\n<\/li>\r\n<\/ul>\r\n<\/figure>\r\n\r\n\r\n\r\n<div class=\"wp-block-file\"><a href=\"https:\/\/zzit.org.pl\/okregi\/lodzki\/wp-content\/uploads\/sites\/3\/2020\/10\/kronika-23-10-2020.pdf\">Tydzie\u0144 z OPZZ &#8211; 23.10.2020<\/a><a class=\"wp-block-file__button\" href=\"https:\/\/zzit.org.pl\/okregi\/lodzki\/wp-content\/uploads\/sites\/3\/2020\/10\/kronika-23-10-2020.pdf\">Pobierz<\/a><\/div>\r\n\r\n<p><em><span style=\"color: #0000ff\"><strong>12 PA\u0179DZIERNIK 2020<\/strong><\/span><\/em><\/p>\r\n<p><em><strong>Szanowni Pa\u0144stwo,<\/strong><\/em><b><br \/><strong>Zapraszamy do zapoznania si\u0119 z najnowszym wydaniem \u201eKroniki Zwi\u0105zkowej\u201d.<\/strong><\/b><\/p>\r\n\r\n<div class=\"wp-block-image\">\r\n<figure class=\"aligncenter size-large\"><img loading=\"lazy\" decoding=\"async\" width=\"695\" height=\"1005\" class=\"wp-image-380\" src=\"https:\/\/zzit.org.pl\/okregi\/lodzki\/wp-content\/uploads\/sites\/3\/2020\/10\/1-1.jpg\" alt=\"\" srcset=\"https:\/\/zzit.org.pl\/okregi\/lodzki\/wp-content\/uploads\/sites\/3\/2020\/10\/1-1.jpg 695w, https:\/\/zzit.org.pl\/okregi\/lodzki\/wp-content\/uploads\/sites\/3\/2020\/10\/1-1-207x300.jpg 207w\" sizes=\"auto, (max-width: 695px) 100vw, 695px\" \/><\/figure>\r\n<\/div>\r\n\r\n\r\n\r\n<div class=\"wp-block-file\"><a href=\"https:\/\/zzit.org.pl\/okregi\/lodzki\/wp-content\/uploads\/sites\/3\/2020\/10\/kronika-12-10-2020.pdf\">kronika-12-10-2020<\/a><a class=\"wp-block-file__button\" href=\"https:\/\/zzit.org.pl\/okregi\/lodzki\/wp-content\/uploads\/sites\/3\/2020\/10\/kronika-12-10-2020.pdf\">Pobierz<\/a><\/div>\r\n\r\n<p><em><span style=\"color: #0000ff\"><strong>25 SIERPIE\u0143 2020<\/strong><\/span><\/em><\/p>\r\n\r\n<figure class=\"wp-block-image size-large\"><img loading=\"lazy\" decoding=\"async\" width=\"724\" height=\"1024\" class=\"wp-image-221\" src=\"https:\/\/zzit.org.pl\/okregi\/lodzki\/wp-content\/uploads\/sites\/3\/2020\/08\/1-2-724x1024.jpg\" alt=\"\" srcset=\"https:\/\/zzit.org.pl\/okregi\/lodzki\/wp-content\/uploads\/sites\/3\/2020\/08\/1-2-724x1024.jpg 724w, https:\/\/zzit.org.pl\/okregi\/lodzki\/wp-content\/uploads\/sites\/3\/2020\/08\/1-2-212x300.jpg 212w, https:\/\/zzit.org.pl\/okregi\/lodzki\/wp-content\/uploads\/sites\/3\/2020\/08\/1-2-768x1086.jpg 768w, https:\/\/zzit.org.pl\/okregi\/lodzki\/wp-content\/uploads\/sites\/3\/2020\/08\/1-2-1086x1536.jpg 1086w, https:\/\/zzit.org.pl\/okregi\/lodzki\/wp-content\/uploads\/sites\/3\/2020\/08\/1-2.jpg 1240w\" sizes=\"auto, (max-width: 724px) 100vw, 724px\" \/><\/figure>\r\n\r\n\r\n\r\n<figure class=\"wp-block-image size-large\"><img loading=\"lazy\" decoding=\"async\" width=\"724\" height=\"1024\" class=\"wp-image-222\" src=\"https:\/\/zzit.org.pl\/okregi\/lodzki\/wp-content\/uploads\/sites\/3\/2020\/08\/2-3-724x1024.jpg\" alt=\"\" srcset=\"https:\/\/zzit.org.pl\/okregi\/lodzki\/wp-content\/uploads\/sites\/3\/2020\/08\/2-3-724x1024.jpg 724w, https:\/\/zzit.org.pl\/okregi\/lodzki\/wp-content\/uploads\/sites\/3\/2020\/08\/2-3-212x300.jpg 212w, https:\/\/zzit.org.pl\/okregi\/lodzki\/wp-content\/uploads\/sites\/3\/2020\/08\/2-3-768x1086.jpg 768w, https:\/\/zzit.org.pl\/okregi\/lodzki\/wp-content\/uploads\/sites\/3\/2020\/08\/2-3-1086x1536.jpg 1086w, https:\/\/zzit.org.pl\/okregi\/lodzki\/wp-content\/uploads\/sites\/3\/2020\/08\/2-3.jpg 1240w\" sizes=\"auto, (max-width: 724px) 100vw, 724px\" \/><\/figure>\r\n\r\n\r\n\r\n<figure class=\"wp-block-image size-large\"><img loading=\"lazy\" decoding=\"async\" width=\"724\" height=\"1024\" class=\"wp-image-223\" src=\"https:\/\/zzit.org.pl\/okregi\/lodzki\/wp-content\/uploads\/sites\/3\/2020\/08\/3-2-724x1024.jpg\" alt=\"\" srcset=\"https:\/\/zzit.org.pl\/okregi\/lodzki\/wp-content\/uploads\/sites\/3\/2020\/08\/3-2-724x1024.jpg 724w, https:\/\/zzit.org.pl\/okregi\/lodzki\/wp-content\/uploads\/sites\/3\/2020\/08\/3-2-212x300.jpg 212w, https:\/\/zzit.org.pl\/okregi\/lodzki\/wp-content\/uploads\/sites\/3\/2020\/08\/3-2-768x1086.jpg 768w, https:\/\/zzit.org.pl\/okregi\/lodzki\/wp-content\/uploads\/sites\/3\/2020\/08\/3-2-1086x1536.jpg 1086w, https:\/\/zzit.org.pl\/okregi\/lodzki\/wp-content\/uploads\/sites\/3\/2020\/08\/3-2.jpg 1240w\" sizes=\"auto, (max-width: 724px) 100vw, 724px\" \/><\/figure>\r\n\r\n\r\n\r\n<figure class=\"wp-block-image size-large\"><img loading=\"lazy\" decoding=\"async\" width=\"724\" height=\"1024\" class=\"wp-image-224\" src=\"https:\/\/zzit.org.pl\/okregi\/lodzki\/wp-content\/uploads\/sites\/3\/2020\/08\/4-3-724x1024.jpg\" alt=\"\" srcset=\"https:\/\/zzit.org.pl\/okregi\/lodzki\/wp-content\/uploads\/sites\/3\/2020\/08\/4-3-724x1024.jpg 724w, https:\/\/zzit.org.pl\/okregi\/lodzki\/wp-content\/uploads\/sites\/3\/2020\/08\/4-3-212x300.jpg 212w, https:\/\/zzit.org.pl\/okregi\/lodzki\/wp-content\/uploads\/sites\/3\/2020\/08\/4-3-768x1086.jpg 768w, https:\/\/zzit.org.pl\/okregi\/lodzki\/wp-content\/uploads\/sites\/3\/2020\/08\/4-3-1086x1536.jpg 1086w, https:\/\/zzit.org.pl\/okregi\/lodzki\/wp-content\/uploads\/sites\/3\/2020\/08\/4-3.jpg 1240w\" sizes=\"auto, (max-width: 724px) 100vw, 724px\" \/><\/figure>\r\n","protected":false},"excerpt":{"rendered":"<p>22 GRUDZIE\u0143\u00a02022 Szanowni Pa\u0144stwo,Zapraszamy do zapoznania si\u0119 z wydaniem \u201eTydzie\u0144 z OPZZ\u201d. newsletter-22-12-2022 13 GRUDZIE\u0143\u00a02022 Szanowni Pa\u0144stwo,Zapraszamy do zapoznania si\u0119 z wydaniem \u201eTydzie\u0144 z OPZZ\u201d. newsletter-09-12-2022 28 LISTOPAD\u00a02022 Szanowni Pa\u0144stwo,Zapraszamy do zapoznania si\u0119 z wydaniem \u201eTydzie\u0144 z OPZZ\u201d. newsletter-25-11-2022-2 21 &hellip; <a href=\"https:\/\/zzit.org.pl\/okregi\/lodzki\/kroniki_zwiazkowe\/\">Czytaj dalej <span class=\"meta-nav\">&rarr;<\/span><\/a><\/p>\n","protected":false},"author":11,"featured_media":0,"parent":0,"menu_order":0,"comment_status":"closed","ping_status":"closed","template":"","meta":{"footnotes":""},"class_list":["post-219","page","type-page","status-publish","hentry"],"_links":{"self":[{"href":"https:\/\/zzit.org.pl\/okregi\/lodzki\/wp-json\/wp\/v2\/pages\/219","targetHints":{"allow":["GET"]}}],"collection":[{"href":"https:\/\/zzit.org.pl\/okregi\/lodzki\/wp-json\/wp\/v2\/pages"}],"about":[{"href":"https:\/\/zzit.org.pl\/okregi\/lodzki\/wp-json\/wp\/v2\/types\/page"}],"author":[{"embeddable":true,"href":"https:\/\/zzit.org.pl\/okregi\/lodzki\/wp-json\/wp\/v2\/users\/11"}],"replies":[{"embeddable":true,"href":"https:\/\/zzit.org.pl\/okregi\/lodzki\/wp-json\/wp\/v2\/comments?post=219"}],"version-history":[{"count":54,"href":"https:\/\/zzit.org.pl\/okregi\/lodzki\/wp-json\/wp\/v2\/pages\/219\/revisions"}],"predecessor-version":[{"id":1088,"href":"https:\/\/zzit.org.pl\/okregi\/lodzki\/wp-json\/wp\/v2\/pages\/219\/revisions\/1088"}],"wp:attachment":[{"href":"https:\/\/zzit.org.pl\/okregi\/lodzki\/wp-json\/wp\/v2\/media?parent=219"}],"curies":[{"name":"wp","href":"https:\/\/api.w.org\/{rel}","templated":true}]}}