{"id":19,"date":"2014-04-18T15:47:31","date_gmt":"2014-04-18T13:47:31","guid":{"rendered":"http:\/\/zzit.org.pl\/okregi\/lodzki\/?page_id=19"},"modified":"2024-11-13T12:55:43","modified_gmt":"2024-11-13T11:55:43","slug":"kontakt","status":"publish","type":"page","link":"https:\/\/zzit.org.pl\/okregi\/lodzki\/kontakt\/","title":{"rendered":"Kontakt"},"content":{"rendered":"\r\n<p><strong><em>Adres Biura Okr\u0119gu:<\/em><\/strong><br \/>90-975 \u0141\u00f3d\u017a ul. Jadzi Andrzejewskiej 5<br \/>e \u2013 mail: zdzislaw.mielczarek@zzit.org.pl<\/p>\r\n","protected":false},"excerpt":{"rendered":"<p>Adres Biura Okr\u0119gu:90-975 \u0141\u00f3d\u017a ul. Jadzi Andrzejewskiej 5e \u2013 mail: zdzislaw.mielczarek@zzit.org.pl<\/p>\n","protected":false},"author":1,"featured_media":0,"parent":0,"menu_order":6,"comment_status":"closed","ping_status":"closed","template":"sidebar-page.php","meta":{"footnotes":""},"class_list":["post-19","page","type-page","status-publish","hentry"],"_links":{"self":[{"href":"https:\/\/zzit.org.pl\/okregi\/lodzki\/wp-json\/wp\/v2\/pages\/19","targetHints":{"allow":["GET"]}}],"collection":[{"href":"https:\/\/zzit.org.pl\/okregi\/lodzki\/wp-json\/wp\/v2\/pages"}],"about":[{"href":"https:\/\/zzit.org.pl\/okregi\/lodzki\/wp-json\/wp\/v2\/types\/page"}],"author":[{"embeddable":true,"href":"https:\/\/zzit.org.pl\/okregi\/lodzki\/wp-json\/wp\/v2\/users\/1"}],"replies":[{"embeddable":true,"href":"https:\/\/zzit.org.pl\/okregi\/lodzki\/wp-json\/wp\/v2\/comments?post=19"}],"version-history":[{"count":5,"href":"https:\/\/zzit.org.pl\/okregi\/lodzki\/wp-json\/wp\/v2\/pages\/19\/revisions"}],"predecessor-version":[{"id":1233,"href":"https:\/\/zzit.org.pl\/okregi\/lodzki\/wp-json\/wp\/v2\/pages\/19\/revisions\/1233"}],"wp:attachment":[{"href":"https:\/\/zzit.org.pl\/okregi\/lodzki\/wp-json\/wp\/v2\/media?parent=19"}],"curies":[{"name":"wp","href":"https:\/\/api.w.org\/{rel}","templated":true}]}}