{"id":17,"date":"2014-04-18T15:47:13","date_gmt":"2014-04-18T13:47:13","guid":{"rendered":"http:\/\/zzit.org.pl\/okregi\/lodzki\/?page_id=17"},"modified":"2025-10-01T14:19:34","modified_gmt":"2025-10-01T12:19:34","slug":"galeria","status":"publish","type":"page","link":"https:\/\/zzit.org.pl\/okregi\/lodzki\/galeria\/","title":{"rendered":"Galeria"},"content":{"rendered":"\r\n<p style=\"text-align: center\"><strong>Spotkanie szkoleniowo-integracyjne cz\u0142onk\u00f3w ZZIT O\u0141, kt\u00f3re odby\u0142o si\u0119 w dniach 11-14.09.2025<em>r. <\/em> w O\u015brodku Szkoleniowo-wypoczynkowym w Bukowinie Tatrza\u0144skiej.<\/strong><\/p>\r\n<p><img loading=\"lazy\" decoding=\"async\" class=\"size-full wp-image-1280 aligncenter\" src=\"https:\/\/zzit.org.pl\/okregi\/lodzki\/wp-content\/uploads\/sites\/3\/2025\/10\/1.jpg\" alt=\"\" width=\"2000\" height=\"924\" srcset=\"https:\/\/zzit.org.pl\/okregi\/lodzki\/wp-content\/uploads\/sites\/3\/2025\/10\/1.jpg 2000w, https:\/\/zzit.org.pl\/okregi\/lodzki\/wp-content\/uploads\/sites\/3\/2025\/10\/1-300x139.jpg 300w, https:\/\/zzit.org.pl\/okregi\/lodzki\/wp-content\/uploads\/sites\/3\/2025\/10\/1-1024x473.jpg 1024w, https:\/\/zzit.org.pl\/okregi\/lodzki\/wp-content\/uploads\/sites\/3\/2025\/10\/1-768x355.jpg 768w, https:\/\/zzit.org.pl\/okregi\/lodzki\/wp-content\/uploads\/sites\/3\/2025\/10\/1-1536x710.jpg 1536w, https:\/\/zzit.org.pl\/okregi\/lodzki\/wp-content\/uploads\/sites\/3\/2025\/10\/1-500x231.jpg 500w\" sizes=\"auto, (max-width: 2000px) 100vw, 2000px\" \/><\/p>\r\n<p style=\"text-align: center\"><strong>Wyjazd szkoleniowy w zakresie Prawa Pracy po\u0142\u0105czony z integracj\u0105 dla przedstawicieli Zarz\u0105d\u00f3w organizacji mi\u0119dzyzak\u0142adowych i zak\u0142adowych Zwi\u0105zku\u00a0 w dniach 19-22.09.2024 w Bukowinie Tatrza\u0144skiej.<\/strong><\/p>\r\n<p><img loading=\"lazy\" decoding=\"async\" class=\"alignnone size-full wp-image-1210\" src=\"https:\/\/zzit.org.pl\/okregi\/lodzki\/wp-content\/uploads\/sites\/3\/2024\/09\/1-1.jpg\" alt=\"\" width=\"480\" height=\"640\" srcset=\"https:\/\/zzit.org.pl\/okregi\/lodzki\/wp-content\/uploads\/sites\/3\/2024\/09\/1-1.jpg 480w, https:\/\/zzit.org.pl\/okregi\/lodzki\/wp-content\/uploads\/sites\/3\/2024\/09\/1-1-225x300.jpg 225w\" sizes=\"auto, (max-width: 480px) 100vw, 480px\" \/><\/p>\r\n<p><img loading=\"lazy\" decoding=\"async\" class=\"alignnone size-full wp-image-1212\" src=\"https:\/\/zzit.org.pl\/okregi\/lodzki\/wp-content\/uploads\/sites\/3\/2024\/09\/3.jpg\" alt=\"\" width=\"480\" height=\"640\" srcset=\"https:\/\/zzit.org.pl\/okregi\/lodzki\/wp-content\/uploads\/sites\/3\/2024\/09\/3.jpg 480w, https:\/\/zzit.org.pl\/okregi\/lodzki\/wp-content\/uploads\/sites\/3\/2024\/09\/3-225x300.jpg 225w\" sizes=\"auto, (max-width: 480px) 100vw, 480px\" \/>\u00a0<\/p>\r\n<p><img loading=\"lazy\" decoding=\"async\" class=\"alignnone size-full wp-image-1213\" src=\"https:\/\/zzit.org.pl\/okregi\/lodzki\/wp-content\/uploads\/sites\/3\/2024\/09\/4.jpg\" alt=\"\" width=\"640\" height=\"480\" srcset=\"https:\/\/zzit.org.pl\/okregi\/lodzki\/wp-content\/uploads\/sites\/3\/2024\/09\/4.jpg 640w, https:\/\/zzit.org.pl\/okregi\/lodzki\/wp-content\/uploads\/sites\/3\/2024\/09\/4-300x225.jpg 300w, https:\/\/zzit.org.pl\/okregi\/lodzki\/wp-content\/uploads\/sites\/3\/2024\/09\/4-400x300.jpg 400w\" sizes=\"auto, (max-width: 640px) 100vw, 640px\" \/><\/p>\r\n<p><img loading=\"lazy\" decoding=\"async\" class=\"alignnone size-full wp-image-1211\" src=\"https:\/\/zzit.org.pl\/okregi\/lodzki\/wp-content\/uploads\/sites\/3\/2024\/09\/2.jpg\" alt=\"\" width=\"480\" height=\"640\" srcset=\"https:\/\/zzit.org.pl\/okregi\/lodzki\/wp-content\/uploads\/sites\/3\/2024\/09\/2.jpg 480w, https:\/\/zzit.org.pl\/okregi\/lodzki\/wp-content\/uploads\/sites\/3\/2024\/09\/2-225x300.jpg 225w\" sizes=\"auto, (max-width: 480px) 100vw, 480px\" \/><\/p>\r\n<p><img loading=\"lazy\" decoding=\"async\" class=\"alignnone size-full wp-image-1214\" src=\"https:\/\/zzit.org.pl\/okregi\/lodzki\/wp-content\/uploads\/sites\/3\/2024\/09\/CLBR7863.jpg\" alt=\"\" width=\"1600\" height=\"747\" srcset=\"https:\/\/zzit.org.pl\/okregi\/lodzki\/wp-content\/uploads\/sites\/3\/2024\/09\/CLBR7863.jpg 1600w, https:\/\/zzit.org.pl\/okregi\/lodzki\/wp-content\/uploads\/sites\/3\/2024\/09\/CLBR7863-300x140.jpg 300w, https:\/\/zzit.org.pl\/okregi\/lodzki\/wp-content\/uploads\/sites\/3\/2024\/09\/CLBR7863-1024x478.jpg 1024w, https:\/\/zzit.org.pl\/okregi\/lodzki\/wp-content\/uploads\/sites\/3\/2024\/09\/CLBR7863-768x359.jpg 768w, https:\/\/zzit.org.pl\/okregi\/lodzki\/wp-content\/uploads\/sites\/3\/2024\/09\/CLBR7863-1536x717.jpg 1536w, https:\/\/zzit.org.pl\/okregi\/lodzki\/wp-content\/uploads\/sites\/3\/2024\/09\/CLBR7863-500x233.jpg 500w\" sizes=\"auto, (max-width: 1600px) 100vw, 1600px\" \/><\/p>\r\n<p style=\"text-align: center\"><strong>Spotkanie szkoleniowo-integracyjne cz\u0142onk\u00f3w ZZIT O\u0141, kt\u00f3re odby\u0142o si\u0119 w dniach 03-06.09.2023<em>r. <\/em> w O\u015brodku Szkoleniowo-wypoczynkowym w Bukowinie Tatrza\u0144skiej.<\/strong><\/p>\r\n<p><img loading=\"lazy\" decoding=\"async\" class=\"alignnone size-full wp-image-1123\" src=\"https:\/\/zzit.org.pl\/okregi\/lodzki\/wp-content\/uploads\/sites\/3\/2023\/09\/1.jpg\" alt=\"\" width=\"1188\" height=\"725\" srcset=\"https:\/\/zzit.org.pl\/okregi\/lodzki\/wp-content\/uploads\/sites\/3\/2023\/09\/1.jpg 1188w, https:\/\/zzit.org.pl\/okregi\/lodzki\/wp-content\/uploads\/sites\/3\/2023\/09\/1-300x183.jpg 300w, https:\/\/zzit.org.pl\/okregi\/lodzki\/wp-content\/uploads\/sites\/3\/2023\/09\/1-1024x625.jpg 1024w, https:\/\/zzit.org.pl\/okregi\/lodzki\/wp-content\/uploads\/sites\/3\/2023\/09\/1-768x469.jpg 768w, https:\/\/zzit.org.pl\/okregi\/lodzki\/wp-content\/uploads\/sites\/3\/2023\/09\/1-492x300.jpg 492w\" sizes=\"auto, (max-width: 1188px) 100vw, 1188px\" \/><\/p>\r\n<p style=\"text-align: center\"><strong>Spotkanie szkoleniowo-integracyjne cz\u0142onk\u00f3w ZZIT O\u0141, razem z Organizacj\u0105 z cementowni Dzia\u0142oszyn, kt\u00f3re odby\u0142o si\u0119 w dniach 26<em>-28.06.2023r. <\/em> w Mikorzynie.<\/strong><\/p>\r\n<p><img loading=\"lazy\" decoding=\"async\" class=\"alignnone size-full wp-image-1107\" src=\"https:\/\/zzit.org.pl\/okregi\/lodzki\/wp-content\/uploads\/sites\/3\/2023\/07\/79F86DAD-CCF3-4D3B-A434-2FEA7DD843EE.jpeg\" alt=\"\" width=\"750\" height=\"339\" srcset=\"https:\/\/zzit.org.pl\/okregi\/lodzki\/wp-content\/uploads\/sites\/3\/2023\/07\/79F86DAD-CCF3-4D3B-A434-2FEA7DD843EE.jpeg 750w, https:\/\/zzit.org.pl\/okregi\/lodzki\/wp-content\/uploads\/sites\/3\/2023\/07\/79F86DAD-CCF3-4D3B-A434-2FEA7DD843EE-300x136.jpeg 300w, https:\/\/zzit.org.pl\/okregi\/lodzki\/wp-content\/uploads\/sites\/3\/2023\/07\/79F86DAD-CCF3-4D3B-A434-2FEA7DD843EE-500x226.jpeg 500w\" sizes=\"auto, (max-width: 750px) 100vw, 750px\" \/> <img loading=\"lazy\" decoding=\"async\" class=\"alignnone size-full wp-image-1108\" src=\"https:\/\/zzit.org.pl\/okregi\/lodzki\/wp-content\/uploads\/sites\/3\/2023\/07\/A3C91AA0-54F5-440F-8340-7B7B43E107C0.jpeg\" alt=\"\" width=\"750\" height=\"339\" srcset=\"https:\/\/zzit.org.pl\/okregi\/lodzki\/wp-content\/uploads\/sites\/3\/2023\/07\/A3C91AA0-54F5-440F-8340-7B7B43E107C0.jpeg 750w, https:\/\/zzit.org.pl\/okregi\/lodzki\/wp-content\/uploads\/sites\/3\/2023\/07\/A3C91AA0-54F5-440F-8340-7B7B43E107C0-300x136.jpeg 300w, https:\/\/zzit.org.pl\/okregi\/lodzki\/wp-content\/uploads\/sites\/3\/2023\/07\/A3C91AA0-54F5-440F-8340-7B7B43E107C0-500x226.jpeg 500w\" sizes=\"auto, (max-width: 750px) 100vw, 750px\" \/><\/p>\r\n<p class=\"has-text-color has-text-align-center has-blue-color\" style=\"text-align: center\"><strong>Spotkanie szkoleniowo-integracyjne cz\u0142onk\u00f3w ZZIT O\u0141, kt\u00f3re odby\u0142o si\u0119 w dniach <em>11.09-13.09.2020r. <\/em> w O\u015brodku Szkoleniowo-wypoczynkowym w Bukowinie Tatrza\u0144skiej.<\/strong><\/p>\r\n\r\n\r\n\r\n<figure class=\"wp-block-gallery columns-2 is-cropped wp-block-gallery-1 is-layout-flex wp-block-gallery-is-layout-flex\">\r\n<ul class=\"blocks-gallery-grid\">\r\n<li class=\"blocks-gallery-item\">\r\n<figure><img loading=\"lazy\" decoding=\"async\" width=\"1024\" height=\"768\" class=\"wp-image-306\" src=\"https:\/\/zzit.org.pl\/okregi\/lodzki\/wp-content\/uploads\/sites\/3\/2020\/09\/1-1-1024x768.jpg\" alt=\"\" data-id=\"306\" data-full-url=\"https:\/\/zzit.org.pl\/okregi\/lodzki\/wp-content\/uploads\/sites\/3\/2020\/09\/1-1.jpg\" data-link=\"https:\/\/zzit.org.pl\/okregi\/lodzki\/galeria\/1-1-2\/\" srcset=\"https:\/\/zzit.org.pl\/okregi\/lodzki\/wp-content\/uploads\/sites\/3\/2020\/09\/1-1-1024x768.jpg 1024w, https:\/\/zzit.org.pl\/okregi\/lodzki\/wp-content\/uploads\/sites\/3\/2020\/09\/1-1-300x225.jpg 300w, https:\/\/zzit.org.pl\/okregi\/lodzki\/wp-content\/uploads\/sites\/3\/2020\/09\/1-1-768x576.jpg 768w, https:\/\/zzit.org.pl\/okregi\/lodzki\/wp-content\/uploads\/sites\/3\/2020\/09\/1-1-1536x1152.jpg 1536w, https:\/\/zzit.org.pl\/okregi\/lodzki\/wp-content\/uploads\/sites\/3\/2020\/09\/1-1-400x300.jpg 400w, https:\/\/zzit.org.pl\/okregi\/lodzki\/wp-content\/uploads\/sites\/3\/2020\/09\/1-1.jpg 2016w\" sizes=\"auto, (max-width: 1024px) 100vw, 1024px\" \/><\/figure>\r\n<\/li>\r\n<li class=\"blocks-gallery-item\">\r\n<figure><img loading=\"lazy\" decoding=\"async\" width=\"1024\" height=\"768\" class=\"wp-image-307\" src=\"https:\/\/zzit.org.pl\/okregi\/lodzki\/wp-content\/uploads\/sites\/3\/2020\/09\/2-1024x768.jpg\" alt=\"\" data-id=\"307\" data-full-url=\"https:\/\/zzit.org.pl\/okregi\/lodzki\/wp-content\/uploads\/sites\/3\/2020\/09\/2.jpg\" data-link=\"https:\/\/zzit.org.pl\/okregi\/lodzki\/galeria\/2-4\/\" srcset=\"https:\/\/zzit.org.pl\/okregi\/lodzki\/wp-content\/uploads\/sites\/3\/2020\/09\/2-1024x768.jpg 1024w, https:\/\/zzit.org.pl\/okregi\/lodzki\/wp-content\/uploads\/sites\/3\/2020\/09\/2-300x225.jpg 300w, https:\/\/zzit.org.pl\/okregi\/lodzki\/wp-content\/uploads\/sites\/3\/2020\/09\/2-768x576.jpg 768w, https:\/\/zzit.org.pl\/okregi\/lodzki\/wp-content\/uploads\/sites\/3\/2020\/09\/2-1536x1152.jpg 1536w, https:\/\/zzit.org.pl\/okregi\/lodzki\/wp-content\/uploads\/sites\/3\/2020\/09\/2-400x300.jpg 400w, https:\/\/zzit.org.pl\/okregi\/lodzki\/wp-content\/uploads\/sites\/3\/2020\/09\/2.jpg 2016w\" sizes=\"auto, (max-width: 1024px) 100vw, 1024px\" \/><\/figure>\r\n<\/li>\r\n<\/ul>\r\n<\/figure>\r\n","protected":false},"excerpt":{"rendered":"<p>Spotkanie szkoleniowo-integracyjne cz\u0142onk\u00f3w ZZIT O\u0141, kt\u00f3re odby\u0142o si\u0119 w dniach 11-14.09.2025r. w O\u015brodku Szkoleniowo-wypoczynkowym w Bukowinie Tatrza\u0144skiej. Wyjazd szkoleniowy w zakresie Prawa Pracy po\u0142\u0105czony z integracj\u0105 dla przedstawicieli Zarz\u0105d\u00f3w organizacji mi\u0119dzyzak\u0142adowych i zak\u0142adowych Zwi\u0105zku\u00a0 w dniach 19-22.09.2024 w Bukowinie Tatrza\u0144skiej. &hellip; <a href=\"https:\/\/zzit.org.pl\/okregi\/lodzki\/galeria\/\">Czytaj dalej <span class=\"meta-nav\">&rarr;<\/span><\/a><\/p>\n","protected":false},"author":1,"featured_media":0,"parent":0,"menu_order":5,"comment_status":"closed","ping_status":"closed","template":"sidebar-page.php","meta":{"footnotes":""},"class_list":["post-17","page","type-page","status-publish","hentry"],"_links":{"self":[{"href":"https:\/\/zzit.org.pl\/okregi\/lodzki\/wp-json\/wp\/v2\/pages\/17","targetHints":{"allow":["GET"]}}],"collection":[{"href":"https:\/\/zzit.org.pl\/okregi\/lodzki\/wp-json\/wp\/v2\/pages"}],"about":[{"href":"https:\/\/zzit.org.pl\/okregi\/lodzki\/wp-json\/wp\/v2\/types\/page"}],"author":[{"embeddable":true,"href":"https:\/\/zzit.org.pl\/okregi\/lodzki\/wp-json\/wp\/v2\/users\/1"}],"replies":[{"embeddable":true,"href":"https:\/\/zzit.org.pl\/okregi\/lodzki\/wp-json\/wp\/v2\/comments?post=17"}],"version-history":[{"count":9,"href":"https:\/\/zzit.org.pl\/okregi\/lodzki\/wp-json\/wp\/v2\/pages\/17\/revisions"}],"predecessor-version":[{"id":1281,"href":"https:\/\/zzit.org.pl\/okregi\/lodzki\/wp-json\/wp\/v2\/pages\/17\/revisions\/1281"}],"wp:attachment":[{"href":"https:\/\/zzit.org.pl\/okregi\/lodzki\/wp-json\/wp\/v2\/media?parent=17"}],"curies":[{"name":"wp","href":"https:\/\/api.w.org\/{rel}","templated":true}]}}