{"id":12,"date":"2014-04-18T15:46:04","date_gmt":"2014-04-18T13:46:04","guid":{"rendered":"http:\/\/zzit.org.pl\/okregi\/lodzki\/?page_id=12"},"modified":"2024-11-13T14:19:21","modified_gmt":"2024-11-13T13:19:21","slug":"organizacje","status":"publish","type":"page","link":"https:\/\/zzit.org.pl\/okregi\/lodzki\/organizacje\/","title":{"rendered":"Organizacje"},"content":{"rendered":"<p><span style=\"color: #993300\"><strong><span style=\"color: #0000ff\">Organizacje okr\u0119gu \u0142\u00f3dzkiego ZZIT<\/span> <\/strong><span style=\"color: #000000\">(stan na 31.01.2019)<\/span><\/span><\/p>\r\n<p><em>Nr w rejestrze ZO<\/em><br \/><em> Siedziba Organizacji Zwi\u0105zkowej ZZIT<\/em><br \/><em> Adres do korespondencji<\/em><br \/><em> Nazwisko i imi\u0119 przewodnicz\u0105cego; telefon; fax; tel.kom.;<\/em><br \/><em> e-mail<\/em><\/p>\r\n<p><span style=\"color: #000080\"><strong>001\/90<\/strong><\/span><br \/><strong> Veolia Energia SA w \u0141ODZI<\/strong><br \/><strong> 90-972 \u0141\u00f3d\u017a, ul. Andrzejewskiej 5<\/strong><br \/><strong>Krzysztof Sikorski; 667 630 290<\/strong><br \/><strong>krzysztof.sikorski@veolia.com<\/strong> <\/p>\r\n<p><span style=\"color: #000080\"><strong>008\/95<\/strong><\/span><br \/><strong> PGE Dystrybucja SA \u0141\u00f3d\u017a<\/strong><br \/><strong> 90-950 \u0141\u00f3d\u017a, ul. Piotrkowska 58<\/strong><br \/><strong> Krzysztof Rze\u017anik; 691 393 017<\/strong><br \/><strong> krzysztof.rzeznik@pgedystrybucja.pl<\/strong><\/p>\r\n<p><span style=\"color: #000080\"><strong>016\/93<\/strong><\/span><br \/><strong> ERBUD INDUSTRY Centrum Sp. z o.o.<\/strong><br \/><strong> 92-516 \u0141\u00f3d\u017a, ul. Puszkina 78<\/strong><br \/><strong>Robert Szewczyk; 695 125 030<\/strong><br \/><strong>robert.szewczyk@erbud.pl<\/strong><\/p>\r\n<p><span style=\"color: #000080\"><strong>020\/90<\/strong><\/span><br \/><strong> Woodeco Wierusz\u00f3w sp. z o.o.<\/strong><br \/><strong> 98-400 Wierusz\u00f3w, ul. Boles\u0142awicka 10<\/strong><br \/><strong>Ryszard Pelikan; 600 209 248<\/strong><br \/><strong>ryszard.pelikan@woodeco.eu<\/strong><\/p>\r\n<p><strong><span style=\"color: #000080\"><strong>021\/90<\/strong><\/span><br \/><strong> PIOMA \u2013 ODLEWNIA Sp. z o.o.<\/strong><br \/><strong> 97-300 Piotrk\u00f3w Trybunalski, ul. Dmowskiego 38<\/strong><br \/><strong>Zawisza El\u017cbieta; 696 026 460<\/strong><br \/>elzbieta.zawisza@pgosa.pl<br \/><\/strong><\/p>\r\n<p><span style=\"color: #000080\"><strong>029\/90<\/strong><\/span><br \/><strong> Przedsi\u0119biorstwo Gospodarki Komunalnej Sp. z o.o.<\/strong><br \/><strong> 97-500 Radomsko, ul. Stara Droga 85<\/strong><br \/><strong>Robert Molik; 696 078 428<\/strong><br \/><strong>robertmolik@op.pl<\/strong><\/p>\r\n<p><span style=\"color: #000080\"><strong>030\/99<\/strong><\/span><br \/><strong>Przemys\u0142owy Instytut Motoryzacji w Warszawie, filia w \u0141odzi<\/strong><br \/><strong> 93-562 \u0141\u00f3d\u017a, ul. Dubois 119a<\/strong><br \/><strong> Anna Kieraci\u0144ska; 504 876 322<\/strong><br \/><strong> aniakier@wp.pl<\/strong><\/p>\r\n<p><span style=\"color: #000080\"><strong>037\/05<\/strong><\/span><br \/><strong>PGE Energia Ciep\u0142a S.A. oddzia\u0142 Elektrociep\u0142ownia w Zgierzu<\/strong> <br \/><strong> 95-100 Zgierz ul. Energetyk\u00f3w 9<\/strong><br \/><strong>Tomasz Ka\u017amierczak; 606 471 378<\/strong><br \/><strong>tomaszkazmierczak16@gmail.com<\/strong><\/p>\r\n<p><span style=\"color: #000080\"><strong>038\/05<\/strong><\/span><br \/><strong>Instytut Biotechnologii Przemys\u0142u Rolno-Spo\u017cywczego w Warszawie, Odzia\u0142 w \u0141odzi <\/strong><strong>92-202 \u0141\u00f3d\u017a, al. Marsza\u0142ka Pi\u0142sudskiego 84<\/strong><br \/><strong>Magdalena Wr\u00f3bel J\u0119drzejewska; 426 748 124<\/strong><br \/><strong>magdalena.jedrzejewska@ibprs.pl<\/strong><\/p>\r\n<p><span style=\"color: #000080\"><strong>039\/14<\/strong><\/span><br \/><strong>Eurobox Polska Sp. z o.o.<\/strong><br \/><strong>97-225 Ujazd, Przesiad\u0142\u00f3w 1<\/strong><br \/><strong>Piotr Tomczyk; 503 054 530<\/strong><br \/><strong>pi_tomczyk@wp.pl \/ zwiazki.zawodowe@dunapack-packaging.com<\/strong><\/p>\r\n<p><span style=\"color: #000080\"><strong>040\/20<\/strong><\/span><br \/><strong>DXC Technology Polska Sp. z o.o.<\/strong><br \/><strong>02-678 Warszawa, ul. Szturmowa 2a<\/strong><br \/><strong>Sm\u00f3\u0142kowski Wojciech; 609790090<\/strong><br \/><strong>wojciech.smolkowski@dxc.com<\/strong><\/p>\r\n<p style=\"text-align: center\"><strong><span style=\"color: #0000ff\">Postanowienie o reprezentatywno\u015bci &#8211; 2022<\/span><\/strong><\/p>\r\n<p><img loading=\"lazy\" decoding=\"async\" class=\"alignnone size-full wp-image-1246\" src=\"https:\/\/zzit.org.pl\/okregi\/lodzki\/wp-content\/uploads\/sites\/3\/2024\/11\/1-1.png\" alt=\"\" width=\"749\" height=\"1045\" srcset=\"https:\/\/zzit.org.pl\/okregi\/lodzki\/wp-content\/uploads\/sites\/3\/2024\/11\/1-1.png 749w, https:\/\/zzit.org.pl\/okregi\/lodzki\/wp-content\/uploads\/sites\/3\/2024\/11\/1-1-215x300.png 215w, https:\/\/zzit.org.pl\/okregi\/lodzki\/wp-content\/uploads\/sites\/3\/2024\/11\/1-1-734x1024.png 734w\" sizes=\"auto, (max-width: 749px) 100vw, 749px\" \/><\/p>\r\n<!-- \/wp:post-content -->","protected":false},"excerpt":{"rendered":"<p>Organizacje okr\u0119gu \u0142\u00f3dzkiego ZZIT (stan na 31.01.2019) Nr w rejestrze ZO Siedziba Organizacji Zwi\u0105zkowej ZZIT Adres do korespondencji Nazwisko i imi\u0119 przewodnicz\u0105cego; telefon; fax; tel.kom.; e-mail 001\/90 Veolia Energia SA w \u0141ODZI 90-972 \u0141\u00f3d\u017a, ul. Andrzejewskiej 5Krzysztof Sikorski; 667 630 &hellip; <a href=\"https:\/\/zzit.org.pl\/okregi\/lodzki\/organizacje\/\">Czytaj dalej <span class=\"meta-nav\">&rarr;<\/span><\/a><\/p>\n","protected":false},"author":1,"featured_media":0,"parent":0,"menu_order":3,"comment_status":"closed","ping_status":"closed","template":"sidebar-page.php","meta":{"footnotes":""},"class_list":["post-12","page","type-page","status-publish","hentry"],"_links":{"self":[{"href":"https:\/\/zzit.org.pl\/okregi\/lodzki\/wp-json\/wp\/v2\/pages\/12","targetHints":{"allow":["GET"]}}],"collection":[{"href":"https:\/\/zzit.org.pl\/okregi\/lodzki\/wp-json\/wp\/v2\/pages"}],"about":[{"href":"https:\/\/zzit.org.pl\/okregi\/lodzki\/wp-json\/wp\/v2\/types\/page"}],"author":[{"embeddable":true,"href":"https:\/\/zzit.org.pl\/okregi\/lodzki\/wp-json\/wp\/v2\/users\/1"}],"replies":[{"embeddable":true,"href":"https:\/\/zzit.org.pl\/okregi\/lodzki\/wp-json\/wp\/v2\/comments?post=12"}],"version-history":[{"count":22,"href":"https:\/\/zzit.org.pl\/okregi\/lodzki\/wp-json\/wp\/v2\/pages\/12\/revisions"}],"predecessor-version":[{"id":1251,"href":"https:\/\/zzit.org.pl\/okregi\/lodzki\/wp-json\/wp\/v2\/pages\/12\/revisions\/1251"}],"wp:attachment":[{"href":"https:\/\/zzit.org.pl\/okregi\/lodzki\/wp-json\/wp\/v2\/media?parent=12"}],"curies":[{"name":"wp","href":"https:\/\/api.w.org\/{rel}","templated":true}]}}