{"id":12,"date":"2014-04-17T11:30:56","date_gmt":"2014-04-17T09:30:56","guid":{"rendered":"http:\/\/zzit.org.pl\/okregi\/dolnoslaski\/?page_id=12"},"modified":"2026-03-09T16:10:43","modified_gmt":"2026-03-09T15:10:43","slug":"historia","status":"publish","type":"page","link":"https:\/\/zzit.org.pl\/okregi\/dolnoslaski\/historia\/","title":{"rendered":"Reprezentanci"},"content":{"rendered":"<h2>Cz\u0142onkowie Zarz\u0105du Okr\u0119gu w <span style=\"color: #000080;\">Zarz\u0105dzie Krajowym<\/span> :<\/h2>\n<p>1. <strong>Zygmunt Danik<\/strong><\/p>\n<p>&nbsp;<\/p>\n<p><strong>Delegaci na <span style=\"color: #993300;\">Zjazd Krajowy<\/span><\/strong><br \/>\n<strong><br \/>\n1. Beata Andreasik<br \/>\n2. Zygmunt Danik<br \/>\n3. Henryk Jarczok<br \/>\n4. Ryszard Glabas<br \/>\n5. Jadwiga Kuszyk<br \/>\n6. Iwona \u017b\u00f3\u0142towska<br \/>\n<\/strong><\/p>\n","protected":false},"excerpt":{"rendered":"<p>Cz\u0142onkowie Zarz\u0105du Okr\u0119gu w Zarz\u0105dzie Krajowym : 1. Zygmunt Danik &nbsp; Delegaci na Zjazd Krajowy 1. Beata Andreasik 2. Zygmunt Danik 3. Henryk Jarczok 4. Ryszard Glabas 5. Jadwiga Kuszyk 6. Iwona \u017b\u00f3\u0142towska<\/p>\n","protected":false},"author":1,"featured_media":0,"parent":0,"menu_order":2,"comment_status":"closed","ping_status":"closed","template":"sidebar-page.php","meta":{"footnotes":""},"class_list":["post-12","page","type-page","status-publish","hentry"],"_links":{"self":[{"href":"https:\/\/zzit.org.pl\/okregi\/dolnoslaski\/wp-json\/wp\/v2\/pages\/12","targetHints":{"allow":["GET"]}}],"collection":[{"href":"https:\/\/zzit.org.pl\/okregi\/dolnoslaski\/wp-json\/wp\/v2\/pages"}],"about":[{"href":"https:\/\/zzit.org.pl\/okregi\/dolnoslaski\/wp-json\/wp\/v2\/types\/page"}],"author":[{"embeddable":true,"href":"https:\/\/zzit.org.pl\/okregi\/dolnoslaski\/wp-json\/wp\/v2\/users\/1"}],"replies":[{"embeddable":true,"href":"https:\/\/zzit.org.pl\/okregi\/dolnoslaski\/wp-json\/wp\/v2\/comments?post=12"}],"version-history":[{"count":18,"href":"https:\/\/zzit.org.pl\/okregi\/dolnoslaski\/wp-json\/wp\/v2\/pages\/12\/revisions"}],"predecessor-version":[{"id":216,"href":"https:\/\/zzit.org.pl\/okregi\/dolnoslaski\/wp-json\/wp\/v2\/pages\/12\/revisions\/216"}],"wp:attachment":[{"href":"https:\/\/zzit.org.pl\/okregi\/dolnoslaski\/wp-json\/wp\/v2\/media?parent=12"}],"curies":[{"name":"wp","href":"https:\/\/api.w.org\/{rel}","templated":true}]}}