{"id":10,"date":"2014-04-17T11:28:07","date_gmt":"2014-04-17T09:28:07","guid":{"rendered":"http:\/\/zzit.org.pl\/okregi\/dolnoslaski\/?page_id=10"},"modified":"2026-03-09T16:05:04","modified_gmt":"2026-03-09T15:05:04","slug":"zarzad","status":"publish","type":"page","link":"https:\/\/zzit.org.pl\/okregi\/dolnoslaski\/zarzad\/","title":{"rendered":"W\u0142adze"},"content":{"rendered":"<p style=\"text-align: left;\"><strong>W\u0142adze Okr\u0119gu Dolno\u015bl\u0105skiego ZZIT VIII kadencji (2022 &#8211; 2027)<br \/>\n<\/strong><\/p>\n<table>\n<tbody>\n<tr>\n<td width=\"17\"><\/td>\n<td width=\"53\">Imi\u0119<\/td>\n<td width=\"104\">Nazwisko<\/td>\n<td width=\"76\">Tel. praca<\/td>\n<td width=\"142\">Email praca<\/td>\n<td width=\"94\">Funkcja<\/td>\n<\/tr>\n<tr>\n<td width=\"17\"><strong>\u00a0<\/strong><\/td>\n<td colspan=\"5\" width=\"469\"><strong>ZARZ\u0104D<\/strong><\/td>\n<\/tr>\n<tr>\n<td width=\"17\"><strong>\u00a0<\/strong><\/td>\n<td colspan=\"5\" width=\"469\"><strong>Zarz\u0105du Okr\u0119gu<\/strong><\/td>\n<\/tr>\n<tr>\n<td width=\"17\"><\/td>\n<td width=\"53\"><strong>Zygmunt<\/strong><\/td>\n<td width=\"104\"><strong>Danik<\/strong><\/td>\n<td width=\"76\">512932108<\/td>\n<td width=\"142\">zzit@jelcz.com.pl<\/td>\n<td width=\"94\">przewodnicz\u0105cy<\/td>\n<\/tr>\n<tr>\n<td width=\"17\"><\/td>\n<td width=\"53\">Henryk<\/td>\n<td width=\"104\">Jarczok<\/td>\n<td width=\"76\">516016616<\/td>\n<td width=\"142\">henryk.jarczok@gmail.com<\/td>\n<td width=\"94\">wiceprzewodnicz\u0105cy, skarbnik<\/td>\n<\/tr>\n<tr>\n<td width=\"17\"><\/td>\n<td width=\"53\">Beata<\/td>\n<td width=\"104\">Andreasik<\/td>\n<td width=\"76\">661650825<\/td>\n<td width=\"142\">beata.andreask@wp.pl<\/td>\n<td width=\"94\">cz\u0142onek zarz\u0105du<\/td>\n<\/tr>\n<tr>\n<td width=\"17\"><\/td>\n<td width=\"53\">S\u0142awomir<\/td>\n<td width=\"104\">Chojnacki<\/td>\n<td width=\"76\">695350454<\/td>\n<td width=\"142\">slawomir.chojnacki@pwr.edu.pl<\/td>\n<td width=\"94\">cz\u0142onek zarz\u0105du<\/td>\n<\/tr>\n<tr>\n<td width=\"17\"><\/td>\n<td width=\"53\">Ryszard<\/td>\n<td width=\"104\">Glabas<\/td>\n<td width=\"76\">665358635<\/td>\n<td width=\"142\">ryszard.glabas.59@wp.pl<\/td>\n<td width=\"94\">cz\u0142onek zarz\u0105du<\/td>\n<\/tr>\n<tr>\n<td width=\"17\"><\/td>\n<td width=\"53\">Wies\u0142aw<\/td>\n<td width=\"104\">Pacholik<\/td>\n<td width=\"76\">695350460<\/td>\n<td width=\"142\">wieslaw.pacholik@pwr.edu.pl<\/td>\n<td width=\"94\">cz\u0142onek zarz\u0105du<\/td>\n<\/tr>\n<tr>\n<td width=\"17\"><\/td>\n<td width=\"53\">Irena<\/td>\n<td width=\"104\">Lis<\/td>\n<td width=\"76\">601156067<\/td>\n<td width=\"142\">ilis@wzkwictoria.pl<\/td>\n<td width=\"94\">cz\u0142onek zarz\u0105du<\/td>\n<\/tr>\n<tr>\n<td width=\"17\"><\/td>\n<td width=\"53\">Katarzyna<\/td>\n<td width=\"104\">Witek<\/td>\n<td width=\"76\">509414855<\/td>\n<td width=\"142\">kwitek@jelcz.com.pl<\/td>\n<td width=\"94\">cz\u0142onek zarz\u0105du<\/td>\n<\/tr>\n<tr>\n<td width=\"17\"><\/td>\n<td width=\"53\">Tomasz<\/td>\n<td width=\"104\">Piech<\/td>\n<td width=\"76\">881955155<\/td>\n<td width=\"142\">tomasz.piech@astemo.com<\/td>\n<td width=\"94\">cz\u0142onek zarz\u0105du<\/td>\n<\/tr>\n<\/tbody>\n<\/table>\n<p><strong>KOMISJA REWIZYJNA<\/strong><\/p>\n<table>\n<tbody>\n<tr>\n<td width=\"22\"><\/td>\n<td width=\"70\">Imi\u0119<\/td>\n<td width=\"76\">Nazwisko<\/td>\n<td width=\"85\">Tel. praca<\/td>\n<td width=\"191\">Email praca<\/td>\n<td width=\"102\">Funkcja<\/td>\n<\/tr>\n<tr>\n<td width=\"22\"><\/td>\n<td width=\"70\"><strong>Jadwiga<\/strong><\/td>\n<td width=\"76\"><strong>Kuszyk<\/strong><\/td>\n<td width=\"76\">603796248<\/td>\n<td width=\"142\">jkuszyk@jelcz.com.pl<\/td>\n<td width=\"102\">przewodnicz\u0105ca KR<\/td>\n<\/tr>\n<tr>\n<td width=\"22\"><\/td>\n<td width=\"70\">Iwona<\/td>\n<td width=\"76\">\u017b\u00f3\u0142towska<\/td>\n<td width=\"76\">695350425<\/td>\n<td width=\"142\">iwona.zoltowska@pwr.edu.pl<\/td>\n<td width=\"102\">cz\u0142onek KR<\/td>\n<\/tr>\n<tr>\n<td width=\"22\"><\/td>\n<td width=\"70\">Jacek<\/td>\n<td width=\"76\">Kobak<\/td>\n<td width=\"76\">713202933<\/td>\n<td width=\"142\">jacek.kobak@pwr.edu.pl<\/td>\n<td width=\"102\">cz\u0142onek KR<\/td>\n<\/tr>\n<\/tbody>\n<\/table>\n","protected":false},"excerpt":{"rendered":"<p>W\u0142adze Okr\u0119gu Dolno\u015bl\u0105skiego ZZIT VIII kadencji (2022 &#8211; 2027) Imi\u0119 Nazwisko Tel. praca Email praca Funkcja \u00a0 ZARZ\u0104D \u00a0 Zarz\u0105du Okr\u0119gu Zygmunt Danik 512932108 zzit@jelcz.com.pl przewodnicz\u0105cy Henryk Jarczok 516016616 henryk.jarczok@gmail.com wiceprzewodnicz\u0105cy, skarbnik Beata Andreasik 661650825 beata.andreask@wp.pl cz\u0142onek zarz\u0105du S\u0142awomir Chojnacki &hellip; <a href=\"https:\/\/zzit.org.pl\/okregi\/dolnoslaski\/zarzad\/\">Czytaj dalej <span class=\"meta-nav\">&rarr;<\/span><\/a><\/p>\n","protected":false},"author":1,"featured_media":0,"parent":0,"menu_order":1,"comment_status":"closed","ping_status":"open","template":"sidebar-page.php","meta":{"footnotes":""},"class_list":["post-10","page","type-page","status-publish","hentry"],"_links":{"self":[{"href":"https:\/\/zzit.org.pl\/okregi\/dolnoslaski\/wp-json\/wp\/v2\/pages\/10","targetHints":{"allow":["GET"]}}],"collection":[{"href":"https:\/\/zzit.org.pl\/okregi\/dolnoslaski\/wp-json\/wp\/v2\/pages"}],"about":[{"href":"https:\/\/zzit.org.pl\/okregi\/dolnoslaski\/wp-json\/wp\/v2\/types\/page"}],"author":[{"embeddable":true,"href":"https:\/\/zzit.org.pl\/okregi\/dolnoslaski\/wp-json\/wp\/v2\/users\/1"}],"replies":[{"embeddable":true,"href":"https:\/\/zzit.org.pl\/okregi\/dolnoslaski\/wp-json\/wp\/v2\/comments?post=10"}],"version-history":[{"count":38,"href":"https:\/\/zzit.org.pl\/okregi\/dolnoslaski\/wp-json\/wp\/v2\/pages\/10\/revisions"}],"predecessor-version":[{"id":214,"href":"https:\/\/zzit.org.pl\/okregi\/dolnoslaski\/wp-json\/wp\/v2\/pages\/10\/revisions\/214"}],"wp:attachment":[{"href":"https:\/\/zzit.org.pl\/okregi\/dolnoslaski\/wp-json\/wp\/v2\/media?parent=10"}],"curies":[{"name":"wp","href":"https:\/\/api.w.org\/{rel}","templated":true}]}}